{"id":938,"date":"2017-10-20T17:27:39","date_gmt":"2017-10-20T15:27:39","guid":{"rendered":"https:\/\/www.fernetbranca.com\/?page_id=938"},"modified":"2023-04-27T17:53:28","modified_gmt":"2023-04-27T15:53:28","slug":"contacts","status":"publish","type":"page","link":"https:\/\/condescending-napier.217-160-99-210.plesk.page\/fr\/contacts","title":{"rendered":"Contacts"},"content":{"rendered":"<div class=\"contacts clearfix\">\n<div class=\"col col-12 md-col-6 pr0 md-pr2\">\n<h2 class=\"m0 py1\">FRATELLI BRANCA DISTILLERIE SRL<\/h2>\n<h4 class=\"m0\">Via Broletto 35, 20121 Milan<\/h4>\n<h3 class=\"pt2 m0\">Bureaux et \u00e9tablissement<\/h3>\n<h4 class=\"m0\">Via Resegone 2, 20159 Milan<\/h4>\n<\/div>\n<div class=\"col col-12 md-col-6 pl0 md-pl2 pt3 md-pt0\">\n<ul class=\"list-reset m0 pl0 md-pl4\">\n<li class=\"pl4 py1 list-reset contacts__list-item contacts__list-item--mail\"><a href=\"mailto:ufficiostampa@branca.it\">ufficiostampa@branca.it<\/a><\/li>\n<li class=\"pl4 py1 list-reset contacts__list-item contacts__list-item--phone\">T\u00e9l\u00e9phone: 0039 02 85131<\/li>\n<li class=\"pl4 py1 list-reset contacts__list-item\">Fax: 0039 02 8513269<\/li>\n<li class=\"pl4 py1 list-reset contacts__list-item\">Bureau de presse: 0039 02 8513269<\/li>\n<\/ul>\n<\/div>\n<\/div>\n","protected":false},"excerpt":{"rendered":"<p>FRATELLI BRANCA DISTILLERIE SRL Via Broletto 35, 20121 Milan Bureaux et \u00e9tablissement Via Resegone 2, 20159 Milan ufficiostampa@branca.it T\u00e9l\u00e9phone: 0039 02 85131 Fax: 0039 02 8513269 Bureau de presse: 0039 02 8513269<\/p>\n","protected":false},"author":1,"featured_media":301,"parent":0,"menu_order":0,"comment_status":"closed","ping_status":"closed","template":"","meta":{"inline_featured_image":false},"acf":[],"_links":{"self":[{"href":"https:\/\/condescending-napier.217-160-99-210.plesk.page\/fr\/wp-json\/wp\/v2\/pages\/938"}],"collection":[{"href":"https:\/\/condescending-napier.217-160-99-210.plesk.page\/fr\/wp-json\/wp\/v2\/pages"}],"about":[{"href":"https:\/\/condescending-napier.217-160-99-210.plesk.page\/fr\/wp-json\/wp\/v2\/types\/page"}],"author":[{"embeddable":true,"href":"https:\/\/condescending-napier.217-160-99-210.plesk.page\/fr\/wp-json\/wp\/v2\/users\/1"}],"replies":[{"embeddable":true,"href":"https:\/\/condescending-napier.217-160-99-210.plesk.page\/fr\/wp-json\/wp\/v2\/comments?post=938"}],"version-history":[{"count":1,"href":"https:\/\/condescending-napier.217-160-99-210.plesk.page\/fr\/wp-json\/wp\/v2\/pages\/938\/revisions"}],"predecessor-version":[{"id":939,"href":"https:\/\/condescending-napier.217-160-99-210.plesk.page\/fr\/wp-json\/wp\/v2\/pages\/938\/revisions\/939"}],"wp:featuredmedia":[{"embeddable":true,"href":"https:\/\/condescending-napier.217-160-99-210.plesk.page\/fr\/wp-json\/wp\/v2\/media\/301"}],"wp:attachment":[{"href":"https:\/\/condescending-napier.217-160-99-210.plesk.page\/fr\/wp-json\/wp\/v2\/media?parent=938"}],"curies":[{"name":"wp","href":"https:\/\/api.w.org\/{rel}","templated":true}]}}