{"id":1067,"date":"2017-10-24T12:16:36","date_gmt":"2017-10-24T10:16:36","guid":{"rendered":"https:\/\/www.fernetbranca.com\/?page_id=1067"},"modified":"2023-04-27T17:58:20","modified_gmt":"2023-04-27T15:58:20","slug":"la-recette-secrete","status":"publish","type":"page","link":"https:\/\/condescending-napier.217-160-99-210.plesk.page\/fr\/la-recette-secrete","title":{"rendered":"LA RECETTE SECR\u00c8TE"},"content":{"rendered":"<p>Couleurs, parfums, saveurs et \u2026 pouvoirs ! La recette de Fernet-Branca est un voyage sp\u00e9cial au milieu des 27 herbes, racines et \u00e9pices de sa formule sp\u00e9ciale et secr\u00e8te et inimitable.<\/p>\n<p>Chaque herbe est un univers, une exp\u00e9rience, une d\u00e9couverte.<\/p>\n","protected":false},"excerpt":{"rendered":"<p>Couleurs, parfums, saveurs et \u2026 pouvoirs ! La recette de Fernet-Branca est un voyage sp\u00e9cial au milieu des 27 herbes, racines et \u00e9pices de sa formule sp\u00e9ciale et secr\u00e8te et inimitable. Chaque herbe est un univers, une exp\u00e9rience, une d\u00e9couverte.<\/p>\n","protected":false},"author":1,"featured_media":0,"parent":0,"menu_order":0,"comment_status":"closed","ping_status":"closed","template":"page-templates\/secret_recipe.php","meta":{"inline_featured_image":false},"acf":[],"_links":{"self":[{"href":"https:\/\/condescending-napier.217-160-99-210.plesk.page\/fr\/wp-json\/wp\/v2\/pages\/1067"}],"collection":[{"href":"https:\/\/condescending-napier.217-160-99-210.plesk.page\/fr\/wp-json\/wp\/v2\/pages"}],"about":[{"href":"https:\/\/condescending-napier.217-160-99-210.plesk.page\/fr\/wp-json\/wp\/v2\/types\/page"}],"author":[{"embeddable":true,"href":"https:\/\/condescending-napier.217-160-99-210.plesk.page\/fr\/wp-json\/wp\/v2\/users\/1"}],"replies":[{"embeddable":true,"href":"https:\/\/condescending-napier.217-160-99-210.plesk.page\/fr\/wp-json\/wp\/v2\/comments?post=1067"}],"version-history":[{"count":6,"href":"https:\/\/condescending-napier.217-160-99-210.plesk.page\/fr\/wp-json\/wp\/v2\/pages\/1067\/revisions"}],"predecessor-version":[{"id":4816,"href":"https:\/\/condescending-napier.217-160-99-210.plesk.page\/fr\/wp-json\/wp\/v2\/pages\/1067\/revisions\/4816"}],"wp:attachment":[{"href":"https:\/\/condescending-napier.217-160-99-210.plesk.page\/fr\/wp-json\/wp\/v2\/media?parent=1067"}],"curies":[{"name":"wp","href":"https:\/\/api.w.org\/{rel}","templated":true}]}}